{"id":1771,"date":"2023-10-09T21:21:31","date_gmt":"2023-10-09T19:21:31","guid":{"rendered":"https:\/\/www.astonic.com\/the-team\/"},"modified":"2024-10-10T17:12:21","modified_gmt":"2024-10-10T15:12:21","slug":"the-team","status":"publish","type":"page","link":"https:\/\/www.astonic.com\/en\/about\/the-team\/","title":{"rendered":"The Team"},"content":{"rendered":"<div class=\"wpb-content-wrapper\"><p>[vc_row][vc_column][vc_row_inner][vc_column_inner width=&#8221;5\/6&#8243;][vc_column_text css_animation=&#8221;bottom-to-top&#8221;]<\/p>\n<h2><span class=\"heading_underline\">A team of electronic components professionals<\/span><\/h2>\n<p><span class=\"heading_bg_black\">Competent, experienced, multilingual, versatile and involved, benefiting from regular training which provides her with technique and expertise.<\/span>[\/vc_column_text][\/vc_column_inner][vc_column_inner width=&#8221;1\/6&#8243;][\/vc_column_inner][\/vc_row_inner]<div class=\"ws-team-members margin-bottom-30px\"><div class=\"ws-team-members__title margin-bottom-30px\" data-anim=\"fade-up\"><h4 class=\"txt_color_orange txt_font_Montserrat_extrabold\">Direction<\/h4><\/div><div class=\"ws-team-members__list\"><div class=\"ws-team-members__list-inner ws-flex ws-flex--wrap\"><div class=\"ws-team-members__item margin-bottom-50px\" data-anim=\"fade-up\"><div class=\"ws-team-members__item-inner\"><div class=\"ws-team-members__item-thumbnail\"><div class=\"ws-team-members__item-thumbnail-bg\"><img decoding=\"async\" src=\"https:\/\/www.astonic.com\/wp-content\/uploads\/2020\/07\/aston-technologies-Philippe-683x1024-1.jpg\" alt=\"philippe-collin\"><\/div><\/div><div class=\"ws-team-members__item-info txt_center\"><h3 class=\"ws-team-members__item-name no-margin-bottom\">Philippe COLLIN<\/h3><div class=\"ws-team-members__item-description txt_uppercase\">G\u00e9rant, Directeur Commercial<\/div><\/div><\/div><\/div><div class=\"ws-team-members__item margin-bottom-50px\" data-anim=\"fade-up\"><div class=\"ws-team-members__item-inner\"><div class=\"ws-team-members__item-thumbnail\"><div class=\"ws-team-members__item-thumbnail-bg\"><img decoding=\"async\" src=\"https:\/\/www.astonic.com\/wp-content\/uploads\/2023\/05\/flora-scaled.jpg\" alt=\"flora-walter\"><\/div><\/div><div class=\"ws-team-members__item-info txt_center\"><h3 class=\"ws-team-members__item-name no-margin-bottom\">Flora WALTER<\/h3><div class=\"ws-team-members__item-description txt_uppercase\">Responsable Op\u00e9rationnel<\/div><\/div><\/div><\/div><\/div><\/div><\/div><div class=\"ws-team-members margin-bottom-30px\"><div class=\"ws-team-members__title margin-bottom-30px\" data-anim=\"fade-up\"><h4 class=\"txt_color_orange txt_font_Montserrat_extrabold\">\u00c9quipe commerciale<\/h4><\/div><div class=\"ws-team-members__list\"><div class=\"ws-team-members__list-inner ws-flex ws-flex--wrap\"><div class=\"ws-team-members__item margin-bottom-50px\" data-anim=\"fade-up\"><div class=\"ws-team-members__item-inner\"><div class=\"ws-team-members__item-info txt_center\"><h3 class=\"ws-team-members__item-name no-margin-bottom\">S\u00e9verine FAUR\u00c9<\/h3><\/div><\/div><\/div><div class=\"ws-team-members__item margin-bottom-50px\" data-anim=\"fade-up\"><div class=\"ws-team-members__item-inner\"><div class=\"ws-team-members__item-info txt_center\"><h3 class=\"ws-team-members__item-name no-margin-bottom\">Sandrine RUIZ<\/h3><\/div><\/div><\/div><\/div><\/div><\/div>[\/vc_column][\/vc_row]<\/p>\n<\/div>","protected":false},"excerpt":{"rendered":"<p>A team of electronic components professionals Competent, experienced, multilingual, versatile and involved, benefiting from regular training which provides her with technique and expertise.DirectionPhilippe COLLING\u00e9rant, Directeur CommercialFlora WALTERResponsable Op\u00e9rationnel\u00c9quipe commercialeS\u00e9verine FAUR\u00c9Sandrine RUIZ<\/p>\n","protected":false},"author":8,"featured_media":422,"parent":1783,"menu_order":42,"comment_status":"closed","ping_status":"closed","template":"","meta":{"_acf_changed":false,"inline_featured_image":false,"footnotes":""},"class_list":["post-1771","page","type-page","status-publish","has-post-thumbnail","hentry"],"acf":[],"yoast_head":"<!-- This site is optimized with the Yoast SEO plugin v27.4 - https:\/\/yoast.com\/product\/yoast-seo-wordpress\/ -->\n<title>The Team - Aston Technologies<\/title>\n<meta name=\"description\" content=\"Employees available for our customers.\" \/>\n<meta name=\"robots\" content=\"index, follow, max-snippet:-1, max-image-preview:large, max-video-preview:-1\" \/>\n<link rel=\"canonical\" href=\"https:\/\/www.astonic.com\/en\/about\/the-team\/\" \/>\n<meta property=\"og:locale\" content=\"en_US\" \/>\n<meta property=\"og:type\" content=\"article\" \/>\n<meta property=\"og:title\" content=\"The Team - Aston Technologies\" \/>\n<meta property=\"og:description\" content=\"Employees available for our customers.\" \/>\n<meta property=\"og:url\" content=\"https:\/\/www.astonic.com\/en\/about\/the-team\/\" \/>\n<meta property=\"og:site_name\" content=\"Aston Technologies\" \/>\n<meta property=\"article:modified_time\" content=\"2024-10-10T15:12:21+00:00\" \/>\n<meta property=\"og:image\" content=\"https:\/\/www.astonic.com\/wp-content\/uploads\/2020\/07\/campaign.jpg\" \/>\n\t<meta property=\"og:image:width\" content=\"1000\" \/>\n\t<meta property=\"og:image:height\" content=\"667\" \/>\n\t<meta property=\"og:image:type\" content=\"image\/jpeg\" \/>\n<meta name=\"twitter:card\" content=\"summary_large_image\" \/>\n<meta name=\"twitter:label1\" content=\"Est. reading time\" \/>\n\t<meta name=\"twitter:data1\" content=\"1 minute\" \/>\n<script type=\"application\/ld+json\" class=\"yoast-schema-graph\">{\"@context\":\"https:\\\/\\\/schema.org\",\"@graph\":[{\"@type\":\"WebPage\",\"@id\":\"https:\\\/\\\/www.astonic.com\\\/en\\\/about\\\/the-team\\\/\",\"url\":\"https:\\\/\\\/www.astonic.com\\\/en\\\/about\\\/the-team\\\/\",\"name\":\"The Team - Aston Technologies\",\"isPartOf\":{\"@id\":\"https:\\\/\\\/www.astonic.com\\\/en\\\/#website\"},\"primaryImageOfPage\":{\"@id\":\"https:\\\/\\\/www.astonic.com\\\/en\\\/about\\\/the-team\\\/#primaryimage\"},\"image\":{\"@id\":\"https:\\\/\\\/www.astonic.com\\\/en\\\/about\\\/the-team\\\/#primaryimage\"},\"thumbnailUrl\":\"https:\\\/\\\/www.astonic.com\\\/wp-content\\\/uploads\\\/2020\\\/07\\\/campaign.jpg\",\"datePublished\":\"2023-10-09T19:21:31+00:00\",\"dateModified\":\"2024-10-10T15:12:21+00:00\",\"description\":\"Employees available for our customers.\",\"breadcrumb\":{\"@id\":\"https:\\\/\\\/www.astonic.com\\\/en\\\/about\\\/the-team\\\/#breadcrumb\"},\"inLanguage\":\"en-US\",\"potentialAction\":[{\"@type\":\"ReadAction\",\"target\":[\"https:\\\/\\\/www.astonic.com\\\/en\\\/about\\\/the-team\\\/\"]}]},{\"@type\":\"ImageObject\",\"inLanguage\":\"en-US\",\"@id\":\"https:\\\/\\\/www.astonic.com\\\/en\\\/about\\\/the-team\\\/#primaryimage\",\"url\":\"https:\\\/\\\/www.astonic.com\\\/wp-content\\\/uploads\\\/2020\\\/07\\\/campaign.jpg\",\"contentUrl\":\"https:\\\/\\\/www.astonic.com\\\/wp-content\\\/uploads\\\/2020\\\/07\\\/campaign.jpg\",\"width\":1000,\"height\":667},{\"@type\":\"BreadcrumbList\",\"@id\":\"https:\\\/\\\/www.astonic.com\\\/en\\\/about\\\/the-team\\\/#breadcrumb\",\"itemListElement\":[{\"@type\":\"ListItem\",\"position\":1,\"name\":\"Home\",\"item\":\"https:\\\/\\\/www.astonic.com\\\/en\\\/\"},{\"@type\":\"ListItem\",\"position\":2,\"name\":\"About\",\"item\":\"https:\\\/\\\/www.astonic.com\\\/en\\\/about\\\/\"},{\"@type\":\"ListItem\",\"position\":3,\"name\":\"The Team\"}]},{\"@type\":\"WebSite\",\"@id\":\"https:\\\/\\\/www.astonic.com\\\/en\\\/#website\",\"url\":\"https:\\\/\\\/www.astonic.com\\\/en\\\/\",\"name\":\"Aston Technologies\",\"description\":\"\",\"potentialAction\":[{\"@type\":\"SearchAction\",\"target\":{\"@type\":\"EntryPoint\",\"urlTemplate\":\"https:\\\/\\\/www.astonic.com\\\/en\\\/?s={search_term_string}\"},\"query-input\":{\"@type\":\"PropertyValueSpecification\",\"valueRequired\":true,\"valueName\":\"search_term_string\"}}],\"inLanguage\":\"en-US\"}]}<\/script>\n<!-- \/ Yoast SEO plugin. -->","yoast_head_json":{"title":"The Team - Aston Technologies","description":"Employees available for our customers.","robots":{"index":"index","follow":"follow","max-snippet":"max-snippet:-1","max-image-preview":"max-image-preview:large","max-video-preview":"max-video-preview:-1"},"canonical":"https:\/\/www.astonic.com\/en\/about\/the-team\/","og_locale":"en_US","og_type":"article","og_title":"The Team - Aston Technologies","og_description":"Employees available for our customers.","og_url":"https:\/\/www.astonic.com\/en\/about\/the-team\/","og_site_name":"Aston Technologies","article_modified_time":"2024-10-10T15:12:21+00:00","og_image":[{"width":1000,"height":667,"url":"https:\/\/www.astonic.com\/wp-content\/uploads\/2020\/07\/campaign.jpg","type":"image\/jpeg"}],"twitter_card":"summary_large_image","twitter_misc":{"Est. reading time":"1 minute"},"schema":{"@context":"https:\/\/schema.org","@graph":[{"@type":"WebPage","@id":"https:\/\/www.astonic.com\/en\/about\/the-team\/","url":"https:\/\/www.astonic.com\/en\/about\/the-team\/","name":"The Team - Aston Technologies","isPartOf":{"@id":"https:\/\/www.astonic.com\/en\/#website"},"primaryImageOfPage":{"@id":"https:\/\/www.astonic.com\/en\/about\/the-team\/#primaryimage"},"image":{"@id":"https:\/\/www.astonic.com\/en\/about\/the-team\/#primaryimage"},"thumbnailUrl":"https:\/\/www.astonic.com\/wp-content\/uploads\/2020\/07\/campaign.jpg","datePublished":"2023-10-09T19:21:31+00:00","dateModified":"2024-10-10T15:12:21+00:00","description":"Employees available for our customers.","breadcrumb":{"@id":"https:\/\/www.astonic.com\/en\/about\/the-team\/#breadcrumb"},"inLanguage":"en-US","potentialAction":[{"@type":"ReadAction","target":["https:\/\/www.astonic.com\/en\/about\/the-team\/"]}]},{"@type":"ImageObject","inLanguage":"en-US","@id":"https:\/\/www.astonic.com\/en\/about\/the-team\/#primaryimage","url":"https:\/\/www.astonic.com\/wp-content\/uploads\/2020\/07\/campaign.jpg","contentUrl":"https:\/\/www.astonic.com\/wp-content\/uploads\/2020\/07\/campaign.jpg","width":1000,"height":667},{"@type":"BreadcrumbList","@id":"https:\/\/www.astonic.com\/en\/about\/the-team\/#breadcrumb","itemListElement":[{"@type":"ListItem","position":1,"name":"Home","item":"https:\/\/www.astonic.com\/en\/"},{"@type":"ListItem","position":2,"name":"About","item":"https:\/\/www.astonic.com\/en\/about\/"},{"@type":"ListItem","position":3,"name":"The Team"}]},{"@type":"WebSite","@id":"https:\/\/www.astonic.com\/en\/#website","url":"https:\/\/www.astonic.com\/en\/","name":"Aston Technologies","description":"","potentialAction":[{"@type":"SearchAction","target":{"@type":"EntryPoint","urlTemplate":"https:\/\/www.astonic.com\/en\/?s={search_term_string}"},"query-input":{"@type":"PropertyValueSpecification","valueRequired":true,"valueName":"search_term_string"}}],"inLanguage":"en-US"}]}},"_links":{"self":[{"href":"https:\/\/www.astonic.com\/en\/wp-json\/wp\/v2\/pages\/1771","targetHints":{"allow":["GET"]}}],"collection":[{"href":"https:\/\/www.astonic.com\/en\/wp-json\/wp\/v2\/pages"}],"about":[{"href":"https:\/\/www.astonic.com\/en\/wp-json\/wp\/v2\/types\/page"}],"author":[{"embeddable":true,"href":"https:\/\/www.astonic.com\/en\/wp-json\/wp\/v2\/users\/8"}],"replies":[{"embeddable":true,"href":"https:\/\/www.astonic.com\/en\/wp-json\/wp\/v2\/comments?post=1771"}],"version-history":[{"count":15,"href":"https:\/\/www.astonic.com\/en\/wp-json\/wp\/v2\/pages\/1771\/revisions"}],"predecessor-version":[{"id":1978,"href":"https:\/\/www.astonic.com\/en\/wp-json\/wp\/v2\/pages\/1771\/revisions\/1978"}],"up":[{"embeddable":true,"href":"https:\/\/www.astonic.com\/en\/wp-json\/wp\/v2\/pages\/1783"}],"wp:featuredmedia":[{"embeddable":true,"href":"https:\/\/www.astonic.com\/en\/wp-json\/wp\/v2\/media\/422"}],"wp:attachment":[{"href":"https:\/\/www.astonic.com\/en\/wp-json\/wp\/v2\/media?parent=1771"}],"curies":[{"name":"wp","href":"https:\/\/api.w.org\/{rel}","templated":true}]}}